{"id":2571,"date":"2022-09-08T08:17:00","date_gmt":"2022-09-08T08:17:00","guid":{"rendered":"http:\/\/clapat-themes.com\/wordpress\/humpton\/?page_id=2571"},"modified":"2024-06-04T14:04:11","modified_gmt":"2024-06-04T14:04:11","slug":"hakkimizda","status":"publish","type":"page","link":"http:\/\/www.talktopeople.com.tr\/Anasayfa\/hakkimizda\/","title":{"rendered":"Hakk\u0131m\u0131zda"},"content":{"rendered":"\n<div class=\"wp-block-humpton-gutenberg-container content-row light-section normal row_padding_top row_padding_bottom change-header-color\" data-bgcolor=\"#ffffff\" style=\"text-align:left\">\n<div class=\"wp-block-columns is-layout-flex wp-container-core-columns-is-layout-1 wp-block-columns-is-layout-flex\">\n<div class=\"wp-block-column is-layout-flow wp-block-column-is-layout-flow\" style=\"flex-basis:20%\"><\/div>\n\n\n\n<div class=\"wp-block-column is-layout-flow wp-block-column-is-layout-flow\" style=\"flex-basis:60%\">\n<h4 class=\"wp-block-heading big-title has-mask-fill has-large-font-size\">Atolyemiz<\/h4>\n<\/div>\n\n\n\n<div class=\"wp-block-column is-layout-flow wp-block-column-is-layout-flow\" style=\"flex-basis:20%\"><\/div>\n<\/div>\n\n\n\n<div style=\"height:50px\" aria-hidden=\"true\" class=\"wp-block-spacer\"><\/div>\n\n\n\n<div class=\"wp-block-columns is-layout-flex wp-container-core-columns-is-layout-2 wp-block-columns-is-layout-flex\">\n<div class=\"wp-block-column is-layout-flow wp-block-column-is-layout-flow\" style=\"flex-basis:20%\">\n<h6 class=\"wp-block-heading has-animation has-icon\">\u0130\u00e7erik<\/h6>\n<\/div>\n\n\n\n<div class=\"wp-block-column is-layout-flow wp-block-column-is-layout-flow\" style=\"flex-basis:60%\">\n<p class=\"has-animation\">Sekt\u00f6r\u00fcn Lider firmalar\u0131 i\u00e7in etkili ve profesyonel sunum hizmetleri d\u0131\u015f\u0131nda konvansiyonel reklam hizmetleri ve dijital reklam hizmetleri sunuyoruz. Prod\u00fcksiyon hizmetleri, Lansman sunumlar\u0131, pazarlama sunumlar\u0131, kariyer sunumlar\u0131, \u0130\u00e7 sunumlar, etkinlik ve organizasyonlar\u0131n\u0131z i\u00e7in sunum ve reklam tasar\u0131mlar\u0131m\u0131zda \u00f6zg\u00fcn \u00e7izgimizle markan\u0131za tat katal\u0131m.<\/p>\n<\/div>\n\n\n\n<div class=\"wp-block-column is-layout-flow wp-block-column-is-layout-flow\" style=\"flex-basis:20%\"><\/div>\n<\/div>\n<\/div>\n\n\n\n<div class=\"wp-block-humpton-gutenberg-container content-row light-section full change-header-color\" data-bgcolor=\"#ffffff\" style=\"text-align:left\">\n<div class=\"wp-block-humpton-gutenberg-moving-gallery moving-gallery fw-gallery random-sizes\"><ul class=\"wrapper-gallery\">\n<li><img decoding=\"async\" src=\"http:\/\/www.talktopeople.com.tr\/Anasayfa\/wp-content\/uploads\/2022\/09\/studio04.jpg\" alt=\"talktopeople-creative-studio\" \/><\/li>\n\n\n\n<li><img decoding=\"async\" src=\"http:\/\/www.talktopeople.com.tr\/Anasayfa\/wp-content\/uploads\/2022\/09\/studio03.jpg\" alt=\"talktopeople-creative-studio\" \/><\/li>\n\n\n\n<li><img decoding=\"async\" src=\"http:\/\/www.talktopeople.com.tr\/Anasayfa\/wp-content\/uploads\/2022\/09\/studio02.jpg\" alt=\"talktopeople-creative-studio\" \/><\/li>\n\n\n\n<li><img decoding=\"async\" src=\"http:\/\/www.talktopeople.com.tr\/Anasayfa\/wp-content\/uploads\/2022\/09\/studio01.jpg\" alt=\"talktopeople-creative-studio\" \/><\/li>\n<\/ul><\/div>\n\n\n\n<div class=\"wp-block-humpton-gutenberg-moving-gallery moving-gallery bw-gallery random-sizes\"><ul class=\"wrapper-gallery\">\n<li><img decoding=\"async\" src=\"http:\/\/www.talktopeople.com.tr\/Anasayfa\/wp-content\/uploads\/2022\/09\/studio01.jpg\" alt=\"talktopeople-creative-studio\" \/><\/li>\n\n\n\n<li><img decoding=\"async\" src=\"http:\/\/www.talktopeople.com.tr\/Anasayfa\/wp-content\/uploads\/2022\/09\/studio02.jpg\" alt=\"talktopeople-creative-studio\" \/><\/li>\n\n\n\n<li><img decoding=\"async\" src=\"http:\/\/www.talktopeople.com.tr\/Anasayfa\/wp-content\/uploads\/2022\/09\/studio03.jpg\" alt=\"talktopeople-creative-studio\" \/><\/li>\n\n\n\n<li><img decoding=\"async\" src=\"http:\/\/www.talktopeople.com.tr\/Anasayfa\/wp-content\/uploads\/2022\/09\/studio04.jpg\" alt=\"talktopeople-creative-studio\" \/><\/li>\n<\/ul><\/div>\n<\/div>\n\n\n\n<div class=\"wp-block-humpton-gutenberg-container content-row light-section full row_padding_top row_padding_left row_padding_right change-header-color\" data-bgcolor=\"#ffffff\" style=\"text-align:left\">\n<div class=\"wp-block-columns is-layout-flex wp-container-core-columns-is-layout-3 wp-block-columns-is-layout-flex\">\n<div class=\"wp-block-column is-layout-flow wp-block-column-is-layout-flow\" style=\"flex-basis:25%\"><\/div>\n\n\n\n<div class=\"wp-block-column is-layout-flow wp-block-column-is-layout-flow\" style=\"flex-basis:50%\">\n<h3 class=\"wp-block-heading big-title has-mask-fill has-large-font-size\">Ekibimiz<\/h3>\n<\/div>\n\n\n\n<div class=\"wp-block-column is-layout-flow wp-block-column-is-layout-flow\" style=\"flex-basis:25%\"><\/div>\n<\/div>\n\n\n\n<div style=\"height:25px\" aria-hidden=\"true\" class=\"wp-block-spacer\"><\/div>\n\n\n\n<div class=\"wp-block-columns is-layout-flex wp-container-core-columns-is-layout-4 wp-block-columns-is-layout-flex\">\n<div class=\"wp-block-column is-layout-flow wp-block-column-is-layout-flow\" style=\"flex-basis:25%\">\n<h6 class=\"wp-block-heading has-animation has-icon\">\u0130\u00e7erik<\/h6>\n<\/div>\n\n\n\n<div class=\"wp-block-column is-layout-flow wp-block-column-is-layout-flow\" style=\"flex-basis:50%\">\n<p class=\"has-animation\">Ekibimiz, sunumlar\u0131n\u0131z\u0131n her seferinde istenen sonu\u00e7lar\u0131 elde etmesini sa\u011flamak i\u00e7in bilgili, yetenekli ve ileti\u015fimi kuvetli ki\u015filerden olu\u015fmaktad\u0131r. Haz\u0131r \u015fablonlar\u0131 kullanm\u0131yoruz. Her markan\u0131n kendi hikayesi oldu\u011funa inan\u0131yoruz. T\u00fcm sunumlar\u0131m\u0131z \u00f6zg\u00fcn ve g\u00fcncel tasar\u0131m trendlerine, marka kurumsal\u0131na uygun olarak yap\u0131lmaktad\u0131r.<\/p>\n<\/div>\n\n\n\n<div class=\"wp-block-column is-layout-flow wp-block-column-is-layout-flow\" style=\"flex-basis:25%\"><\/div>\n<\/div>\n\n\n\n<div style=\"height:50px\" aria-hidden=\"true\" class=\"wp-block-spacer\"><\/div>\n<\/div>\n\n\n\n<div class=\"wp-block-humpton-gutenberg-container content-row dark-section full row_padding_top row_padding_left row_padding_right\" data-bgcolor=\"#171717\" style=\"text-align:left\">\n<div class=\"wp-block-columns is-layout-flex wp-container-core-columns-is-layout-5 wp-block-columns-is-layout-flex\">\n<div class=\"wp-block-column is-layout-flow wp-block-column-is-layout-flow\" style=\"flex-basis:25%\"><\/div>\n\n\n\n<div class=\"wp-block-column is-layout-flow wp-block-column-is-layout-flow\" style=\"flex-basis:50%\">\n<h3 class=\"wp-block-heading big-title has-mask-fill has-large-font-size\">Sunum Tasar\u0131m\u0131nda; Lider Firmalara Hizmet Vermekteyiz.<\/h3>\n<\/div>\n\n\n\n<div class=\"wp-block-column is-layout-flow wp-block-column-is-layout-flow\" style=\"flex-basis:25%\"><\/div>\n<\/div>\n\n\n\n<div style=\"height:25px\" aria-hidden=\"true\" class=\"wp-block-spacer\"><\/div>\n\n\n\n<div class=\"wp-block-columns is-layout-flex wp-container-core-columns-is-layout-6 wp-block-columns-is-layout-flex\">\n<div class=\"wp-block-column is-layout-flow wp-block-column-is-layout-flow\" style=\"flex-basis:25%\">\n<h6 class=\"wp-block-heading has-animation has-icon\">\u0130\u00e7erik<\/h6>\n<\/div>\n\n\n\n<div class=\"wp-block-column is-layout-flow wp-block-column-is-layout-flow\" style=\"flex-basis:50%\">\n<p class=\"has-animation\">M\u00fc\u015fterilerimizden baz\u0131lar\u0131 mevcut bir Sunumunu yeniden tasarlamak isterken, di\u011ferleri s\u0131f\u0131rdan yeni bir sunum olu\u015fturmak istiyor.\u00a0\u0130htiya\u00e7lar\u0131n\u0131z ne olursa olsun, Talktopeople&#8217;\u0131n sizin i\u00e7in bir \u00e7\u00f6z\u00fcm\u00fc vard\u0131r.\u00a0Lansman sunumlar\u0131, Pazarlama sunumlar\u0131, Etkinlik sunumlar\u0131, \u00d6d\u00fcl sunumlar\u0131, Kurumsal sunumlar\u0131n\u0131z, \u015eirket i\u00e7i sunumlar, Proje sunumlar\u0131 tasarlama konusunda bize g\u00fcvenebilirsiniz.<\/p>\n<\/div>\n\n\n\n<div class=\"wp-block-column is-layout-flow wp-block-column-is-layout-flow\" style=\"flex-basis:25%\"><\/div>\n<\/div>\n\n\n\n<div style=\"height:50px\" aria-hidden=\"true\" class=\"wp-block-spacer\"><\/div>\n<\/div>\n\n\n\n<div class=\"wp-block-humpton-gutenberg-container content-row dark-section full row_padding_bottom row_padding_left row_padding_right\" data-bgcolor=\"#171717\" style=\"text-align:left\">\n<div class=\"wp-block-columns is-layout-flex wp-container-core-columns-is-layout-7 wp-block-columns-is-layout-flex\">\n<div class=\"wp-block-column is-layout-flow wp-block-column-is-layout-flow\" style=\"flex-basis:25%\"><\/div>\n\n\n\n<div class=\"wp-block-column is-layout-flow wp-block-column-is-layout-flow\" style=\"flex-basis:75%\">\n<ul class=\"wp-block-humpton-gutenberg-clients clients-table no-borders\" data-delay=\"0\">\n<li class=\"link\"><a target=\"_blank\" href=\"https:\/\/www.gucci.com\/tr\"><img decoding=\"async\" src=\"http:\/\/www.talktopeople.com.tr\/Anasayfa\/wp-content\/uploads\/2023\/10\/gucci.png\" alt=\"client image\" \/><\/a><\/li>\n\n\n\n<li class=\"link\"><a target=\"_blank\" href=\"https:\/\/www.bosch-home.com.tr\"><img decoding=\"async\" src=\"http:\/\/www.talktopeople.com.tr\/Anasayfa\/wp-content\/uploads\/2023\/10\/bosh.png\" alt=\"client image\" \/><\/a><\/li>\n\n\n\n<li class=\"link\"><a target=\"_blank\" href=\"https:\/\/www.garantibbva.com.tr\/\"><img decoding=\"async\" src=\"http:\/\/www.talktopeople.com.tr\/Anasayfa\/wp-content\/uploads\/2023\/10\/GARANTIBBWA.png\" alt=\"client image\" \/><\/a><\/li>\n\n\n\n<li class=\"link\"><a target=\"_blank\" href=\"https:\/\/www.mcdonalds.com.tr\/hakkimizda\"><img decoding=\"async\" src=\"http:\/\/www.talktopeople.com.tr\/Anasayfa\/wp-content\/uploads\/2023\/10\/MCDONALTS.png\" alt=\"client image\" \/><\/a><\/li>\n\n\n\n<li class=\"link\"><a target=\"_blank\" href=\"https:\/\/www.toyota.com.tr\/\"><img decoding=\"async\" src=\"http:\/\/www.talktopeople.com.tr\/Anasayfa\/wp-content\/uploads\/2023\/10\/toyota.png\" alt=\"client image\" \/><\/a><\/li>\n\n\n\n<li class=\"link\"><a target=\"_blank\" href=\"https:\/\/www.zara.com\/tr\/\"><img decoding=\"async\" src=\"http:\/\/www.talktopeople.com.tr\/Anasayfa\/wp-content\/uploads\/2023\/10\/sadadefe.png\" alt=\"client image\" \/><\/a><\/li>\n\n\n\n<li class=\"link\"><a target=\"_blank\" href=\"https:\/\/omm.art\/tr\"><img decoding=\"async\" src=\"http:\/\/www.talktopeople.com.tr\/Anasayfa\/wp-content\/uploads\/2023\/10\/es.png\" alt=\"client image\" \/><\/a><\/li>\n\n\n\n<li class=\"link\"><a target=\"_blank\" href=\"https:\/\/www.turkcell.com.tr\/\"><img decoding=\"async\" src=\"http:\/\/www.talktopeople.com.tr\/Anasayfa\/wp-content\/uploads\/2023\/10\/turkcell.png\" alt=\"client image\" \/><\/a><\/li>\n<\/ul>\n<\/div>\n<\/div>\n<\/div>\n\n\n\n<div class=\"wp-block-humpton-gutenberg-container content-row light-section normal row_padding_top change-header-color\" data-bgcolor=\"#ffffff\" style=\"text-align:left\">\n<div class=\"wp-block-columns is-layout-flex wp-container-core-columns-is-layout-8 wp-block-columns-is-layout-flex\">\n<div class=\"wp-block-column is-layout-flow wp-block-column-is-layout-flow\">\n<div class=\"box-icon-wrapper block-boxes \"><div class=\"box-icon\"><i class=\"fa-solid fa-desktop fa-2x\" aria-hidden=\"true\"><\/i><\/div><div class=\"box-icon-content\"><h5 class=\"no-margins\">Responsive Sunumlar<\/h5><p>T\u00fcm sunumlar belirtilen ekran \u00f6l\u00e7\u00fclerine, led ve ayd\u0131nlatmalara uygun olarak haz\u0131rlanmaktad\u0131r. Sahne \u00f6n\u00fcnde sunumlar\u0131n\u0131z\u0131n tam istedi\u011finiz gibi olmas\u0131 ve insanlara dokunmas\u0131 i\u00e7in buraday\u0131z.<\/p><\/div><\/div>\n<\/div>\n\n\n\n<div class=\"wp-block-column is-layout-flow wp-block-column-is-layout-flow\"><\/div>\n\n\n\n<div class=\"wp-block-column is-layout-flow wp-block-column-is-layout-flow\">\n<div class=\"box-icon-wrapper block-boxes \"><div class=\"box-icon\"><i class=\"fa-solid fa-pen-ruler fa-2x\" aria-hidden=\"true\"><\/i><\/div><div class=\"box-icon-content\"><h5 class=\"no-margins\">\u0130lham Veren \u0130\u015fler<\/h5><p>Benzersiz, ak\u0131ll\u0131 ve ilham verici g\u00f6rseller olu\u015fturmak i\u00e7in i\u00e7eri\u011fin, tasar\u0131m\u0131n ve sunumun g\u00fcc\u00fcnden yararlanmaya inan\u0131yoruz. <\/p><\/div><\/div>\n<\/div>\n<\/div>\n<\/div>\n\n\n\n<div class=\"wp-block-humpton-gutenberg-container content-row light-section normal change-header-color\" data-bgcolor=\"#ffffff\" style=\"text-align:left\">\n<div class=\"marquee-text-wrapper \"><h1 class=\"marquee-text big-title fw\">Hikayelerimiz, fikirlerimiz, i\u00e7g\u00f6r\u00fclerimiz, haberlerimiz ve etkinliklerimizden ilham al\u0131n.<\/h1><\/div>\n<\/div>\n\n\n\n<div class=\"wp-block-humpton-gutenberg-container content-row light-section normal row_padding_bottom change-header-color\" data-bgcolor=\"#ffffff\" style=\"text-align:left\">\n<div style=\"height:50px\" aria-hidden=\"true\" class=\"wp-block-spacer\"><\/div>\n\n\n\n<div class=\"wp-block-columns is-layout-flex wp-container-core-columns-is-layout-9 wp-block-columns-is-layout-flex\">\n<div class=\"wp-block-column is-layout-flow wp-block-column-is-layout-flow\">\n<div class=\"box-icon-wrapper block-boxes \"><div class=\"box-icon\"><i class=\"fa-solid fa-lightbulb fa-2x\" aria-hidden=\"true\"><\/i><\/div><div class=\"box-icon-content\"><h5 class=\"no-margins\">Marka Stratejimiz<\/h5><p>Hikayeler, kurulu\u015flar\u0131 hedefler etraf\u0131nda harekete ge\u00e7irir, insanlar\u0131 de\u011fi\u015fimi benimsemeye te\u015fvik eder ve bireylerin g\u00fcven olu\u015fturmas\u0131na yard\u0131mc\u0131 olur. Pek \u00e7ok etkili sunum, temel hikaye anlat\u0131m\u0131 yap\u0131s\u0131n\u0131 kullan\u0131r: ba\u015flang\u0131\u00e7, geli\u015fme ve biti\u015f. \u0130\u015fin p\u00fcf noktas\u0131, yaln\u0131zca ilgili ayr\u0131nt\u0131lar\u0131 dahil ederek hikaye anlat\u0131m\u0131n\u0131z\u0131 yal\u0131n tutmakt\u0131r.<\/p><\/div><\/div>\n<\/div>\n\n\n\n<div class=\"wp-block-column is-layout-flow wp-block-column-is-layout-flow\"><\/div>\n\n\n\n<div class=\"wp-block-column is-layout-flow wp-block-column-is-layout-flow\">\n<div class=\"box-icon-wrapper block-boxes \"><div class=\"box-icon\"><i class=\"fa-solid fa-mobile-screen fa-2x\" aria-hidden=\"true\"><\/i><\/div><div class=\"box-icon-content\"><h5 class=\"no-margins\">Destekleyici \u0130\u00e7erikler<\/h5><p>Videonun ve infografik tasar\u0131mlar\u0131n hikaye anlat\u0131m\u0131n\u0131n en ikna edici bi\u00e7imlerinden olduklar\u0131 bir s\u0131r de\u011fil. T\u00fcm bunlar, d\u00fczinelerce mesaj\u0131 h\u0131zl\u0131 ve kolay bir \u015fekilde iletme ve izleyiciyle duygusal d\u00fczeyde ba\u011flant\u0131 kurma yetene\u011fine sahiptir<\/p><\/div><\/div>\n<\/div>\n<\/div>\n<\/div>\n","protected":false},"excerpt":{"rendered":"","protected":false},"author":1,"featured_media":0,"parent":0,"menu_order":0,"comment_status":"closed","ping_status":"closed","template":"","meta":{"footnotes":""},"yoast_head":"<!-- This site is optimized with the Yoast SEO plugin v24.5 - https:\/\/yoast.com\/wordpress\/plugins\/seo\/ -->\n<title>Hakk\u0131m\u0131zda - talktopeople<\/title>\n<meta name=\"description\" content=\"Sekt\u00f6r\u00fcn Lider firmalar\u0131 i\u00e7in etkili ve profesyonel sunum hizmetleri d\u0131\u015f\u0131nda konvansiyonel reklam hizmetleri ve dijital reklam hizmetleri sunuyoruz.\" \/>\n<meta name=\"robots\" content=\"index, follow, max-snippet:-1, max-image-preview:large, max-video-preview:-1\" \/>\n<link rel=\"canonical\" href=\"http:\/\/www.talktopeople.com.tr\/Anasayfa\/hakkimizda\/\" \/>\n<meta property=\"og:locale\" content=\"tr_TR\" \/>\n<meta property=\"og:type\" content=\"article\" \/>\n<meta property=\"og:title\" content=\"Hakk\u0131m\u0131zda - talktopeople\" \/>\n<meta property=\"og:description\" content=\"Sekt\u00f6r\u00fcn Lider firmalar\u0131 i\u00e7in etkili ve profesyonel sunum hizmetleri d\u0131\u015f\u0131nda konvansiyonel reklam hizmetleri ve dijital reklam hizmetleri sunuyoruz.\" \/>\n<meta property=\"og:url\" content=\"http:\/\/www.talktopeople.com.tr\/Anasayfa\/hakkimizda\/\" \/>\n<meta property=\"og:site_name\" content=\"talktopeople\" \/>\n<meta property=\"article:modified_time\" content=\"2024-06-04T14:04:11+00:00\" \/>\n<meta name=\"twitter:card\" content=\"summary_large_image\" \/>\n<meta name=\"twitter:label1\" content=\"Tahmini okuma s\u00fcresi\" \/>\n\t<meta name=\"twitter:data1\" content=\"2 dakika\" \/>\n<script type=\"application\/ld+json\" class=\"yoast-schema-graph\">{\"@context\":\"https:\/\/schema.org\",\"@graph\":[{\"@type\":\"WebPage\",\"@id\":\"http:\/\/www.talktopeople.com.tr\/Anasayfa\/hakkimizda\/\",\"url\":\"http:\/\/www.talktopeople.com.tr\/Anasayfa\/hakkimizda\/\",\"name\":\"Hakk\u0131m\u0131zda - talktopeople\",\"isPartOf\":{\"@id\":\"http:\/\/www.talktopeople.com.tr\/Anasayfa\/#website\"},\"datePublished\":\"2022-09-08T08:17:00+00:00\",\"dateModified\":\"2024-06-04T14:04:11+00:00\",\"description\":\"Sekt\u00f6r\u00fcn Lider firmalar\u0131 i\u00e7in etkili ve profesyonel sunum hizmetleri d\u0131\u015f\u0131nda konvansiyonel reklam hizmetleri ve dijital reklam hizmetleri sunuyoruz.\",\"breadcrumb\":{\"@id\":\"http:\/\/www.talktopeople.com.tr\/Anasayfa\/hakkimizda\/#breadcrumb\"},\"inLanguage\":\"tr\",\"potentialAction\":[{\"@type\":\"ReadAction\",\"target\":[\"http:\/\/www.talktopeople.com.tr\/Anasayfa\/hakkimizda\/\"]}]},{\"@type\":\"BreadcrumbList\",\"@id\":\"http:\/\/www.talktopeople.com.tr\/Anasayfa\/hakkimizda\/#breadcrumb\",\"itemListElement\":[{\"@type\":\"ListItem\",\"position\":1,\"name\":\"Anasayfa\",\"item\":\"http:\/\/www.talktopeople.com.tr\/Anasayfa\/\"},{\"@type\":\"ListItem\",\"position\":2,\"name\":\"Hakk\u0131m\u0131zda\"}]},{\"@type\":\"WebSite\",\"@id\":\"http:\/\/www.talktopeople.com.tr\/Anasayfa\/#website\",\"url\":\"http:\/\/www.talktopeople.com.tr\/Anasayfa\/\",\"name\":\"talktopeople\",\"description\":\"Creative Studio - Reklam Ajans\u0131\",\"potentialAction\":[{\"@type\":\"SearchAction\",\"target\":{\"@type\":\"EntryPoint\",\"urlTemplate\":\"http:\/\/www.talktopeople.com.tr\/Anasayfa\/?s={search_term_string}\"},\"query-input\":{\"@type\":\"PropertyValueSpecification\",\"valueRequired\":true,\"valueName\":\"search_term_string\"}}],\"inLanguage\":\"tr\"}]}<\/script>\n<!-- \/ Yoast SEO plugin. -->","yoast_head_json":{"title":"Hakk\u0131m\u0131zda - talktopeople","description":"Sekt\u00f6r\u00fcn Lider firmalar\u0131 i\u00e7in etkili ve profesyonel sunum hizmetleri d\u0131\u015f\u0131nda konvansiyonel reklam hizmetleri ve dijital reklam hizmetleri sunuyoruz.","robots":{"index":"index","follow":"follow","max-snippet":"max-snippet:-1","max-image-preview":"max-image-preview:large","max-video-preview":"max-video-preview:-1"},"canonical":"http:\/\/www.talktopeople.com.tr\/Anasayfa\/hakkimizda\/","og_locale":"tr_TR","og_type":"article","og_title":"Hakk\u0131m\u0131zda - talktopeople","og_description":"Sekt\u00f6r\u00fcn Lider firmalar\u0131 i\u00e7in etkili ve profesyonel sunum hizmetleri d\u0131\u015f\u0131nda konvansiyonel reklam hizmetleri ve dijital reklam hizmetleri sunuyoruz.","og_url":"http:\/\/www.talktopeople.com.tr\/Anasayfa\/hakkimizda\/","og_site_name":"talktopeople","article_modified_time":"2024-06-04T14:04:11+00:00","twitter_card":"summary_large_image","twitter_misc":{"Tahmini okuma s\u00fcresi":"2 dakika"},"schema":{"@context":"https:\/\/schema.org","@graph":[{"@type":"WebPage","@id":"http:\/\/www.talktopeople.com.tr\/Anasayfa\/hakkimizda\/","url":"http:\/\/www.talktopeople.com.tr\/Anasayfa\/hakkimizda\/","name":"Hakk\u0131m\u0131zda - talktopeople","isPartOf":{"@id":"http:\/\/www.talktopeople.com.tr\/Anasayfa\/#website"},"datePublished":"2022-09-08T08:17:00+00:00","dateModified":"2024-06-04T14:04:11+00:00","description":"Sekt\u00f6r\u00fcn Lider firmalar\u0131 i\u00e7in etkili ve profesyonel sunum hizmetleri d\u0131\u015f\u0131nda konvansiyonel reklam hizmetleri ve dijital reklam hizmetleri sunuyoruz.","breadcrumb":{"@id":"http:\/\/www.talktopeople.com.tr\/Anasayfa\/hakkimizda\/#breadcrumb"},"inLanguage":"tr","potentialAction":[{"@type":"ReadAction","target":["http:\/\/www.talktopeople.com.tr\/Anasayfa\/hakkimizda\/"]}]},{"@type":"BreadcrumbList","@id":"http:\/\/www.talktopeople.com.tr\/Anasayfa\/hakkimizda\/#breadcrumb","itemListElement":[{"@type":"ListItem","position":1,"name":"Anasayfa","item":"http:\/\/www.talktopeople.com.tr\/Anasayfa\/"},{"@type":"ListItem","position":2,"name":"Hakk\u0131m\u0131zda"}]},{"@type":"WebSite","@id":"http:\/\/www.talktopeople.com.tr\/Anasayfa\/#website","url":"http:\/\/www.talktopeople.com.tr\/Anasayfa\/","name":"talktopeople","description":"Creative Studio - Reklam Ajans\u0131","potentialAction":[{"@type":"SearchAction","target":{"@type":"EntryPoint","urlTemplate":"http:\/\/www.talktopeople.com.tr\/Anasayfa\/?s={search_term_string}"},"query-input":{"@type":"PropertyValueSpecification","valueRequired":true,"valueName":"search_term_string"}}],"inLanguage":"tr"}]}},"_links":{"self":[{"href":"http:\/\/www.talktopeople.com.tr\/Anasayfa\/wp-json\/wp\/v2\/pages\/2571"}],"collection":[{"href":"http:\/\/www.talktopeople.com.tr\/Anasayfa\/wp-json\/wp\/v2\/pages"}],"about":[{"href":"http:\/\/www.talktopeople.com.tr\/Anasayfa\/wp-json\/wp\/v2\/types\/page"}],"author":[{"embeddable":true,"href":"http:\/\/www.talktopeople.com.tr\/Anasayfa\/wp-json\/wp\/v2\/users\/1"}],"replies":[{"embeddable":true,"href":"http:\/\/www.talktopeople.com.tr\/Anasayfa\/wp-json\/wp\/v2\/comments?post=2571"}],"version-history":[{"count":42,"href":"http:\/\/www.talktopeople.com.tr\/Anasayfa\/wp-json\/wp\/v2\/pages\/2571\/revisions"}],"predecessor-version":[{"id":3311,"href":"http:\/\/www.talktopeople.com.tr\/Anasayfa\/wp-json\/wp\/v2\/pages\/2571\/revisions\/3311"}],"wp:attachment":[{"href":"http:\/\/www.talktopeople.com.tr\/Anasayfa\/wp-json\/wp\/v2\/media?parent=2571"}],"curies":[{"name":"wp","href":"https:\/\/api.w.org\/{rel}","templated":true}]}}