{"id":22,"date":"2022-09-07T18:22:31","date_gmt":"2022-09-07T18:22:31","guid":{"rendered":"http:\/\/clapat-themes.com\/wordpress\/humpton\/?page_id=22"},"modified":"2024-04-27T10:07:24","modified_gmt":"2024-04-27T10:07:24","slug":"showcase","status":"publish","type":"page","link":"http:\/\/www.talktopeople.com.tr\/Anasayfa\/showcase\/","title":{"rendered":"\u0130\u015flerimiz"},"content":{"rendered":"","protected":false},"excerpt":{"rendered":"","protected":false},"author":1,"featured_media":0,"parent":0,"menu_order":0,"comment_status":"closed","ping_status":"closed","template":"portfolio-carousel-page.php","meta":{"footnotes":""},"yoast_head":"<!-- This site is optimized with the Yoast SEO plugin v24.5 - https:\/\/yoast.com\/wordpress\/plugins\/seo\/ -->\n<title>\u0130\u015flerimiz - talktopeople<\/title>\n<meta name=\"description\" content=\"Sahip oldu\u011fumuz Referanslar\u0131m\u0131z Lider firmalar dan olu\u015fmaktad\u0131r. Uzman kadromuzla Sekt\u00f6rde \u00f6nc\u00fc firmalara sunum tasar\u0131m hizmeti vermekteyiz.\" \/>\n<meta name=\"robots\" content=\"index, follow, max-snippet:-1, max-image-preview:large, max-video-preview:-1\" \/>\n<link rel=\"canonical\" href=\"http:\/\/www.talktopeople.com.tr\/Anasayfa\/showcase\/\" \/>\n<meta property=\"og:locale\" content=\"tr_TR\" \/>\n<meta property=\"og:type\" content=\"article\" \/>\n<meta property=\"og:title\" content=\"\u0130\u015flerimiz - talktopeople\" \/>\n<meta property=\"og:description\" content=\"Sahip oldu\u011fumuz Referanslar\u0131m\u0131z Lider firmalar dan olu\u015fmaktad\u0131r. Uzman kadromuzla Sekt\u00f6rde \u00f6nc\u00fc firmalara sunum tasar\u0131m hizmeti vermekteyiz.\" \/>\n<meta property=\"og:url\" content=\"http:\/\/www.talktopeople.com.tr\/Anasayfa\/showcase\/\" \/>\n<meta property=\"og:site_name\" content=\"talktopeople\" \/>\n<meta property=\"article:modified_time\" content=\"2024-04-27T10:07:24+00:00\" \/>\n<meta name=\"twitter:card\" content=\"summary_large_image\" \/>\n<script type=\"application\/ld+json\" class=\"yoast-schema-graph\">{\"@context\":\"https:\/\/schema.org\",\"@graph\":[{\"@type\":\"WebPage\",\"@id\":\"http:\/\/www.talktopeople.com.tr\/Anasayfa\/showcase\/\",\"url\":\"http:\/\/www.talktopeople.com.tr\/Anasayfa\/showcase\/\",\"name\":\"\u0130\u015flerimiz - talktopeople\",\"isPartOf\":{\"@id\":\"http:\/\/www.talktopeople.com.tr\/Anasayfa\/#website\"},\"datePublished\":\"2022-09-07T18:22:31+00:00\",\"dateModified\":\"2024-04-27T10:07:24+00:00\",\"description\":\"Sahip oldu\u011fumuz Referanslar\u0131m\u0131z Lider firmalar dan olu\u015fmaktad\u0131r. Uzman kadromuzla Sekt\u00f6rde \u00f6nc\u00fc firmalara sunum tasar\u0131m hizmeti vermekteyiz.\",\"breadcrumb\":{\"@id\":\"http:\/\/www.talktopeople.com.tr\/Anasayfa\/showcase\/#breadcrumb\"},\"inLanguage\":\"tr\",\"potentialAction\":[{\"@type\":\"ReadAction\",\"target\":[\"http:\/\/www.talktopeople.com.tr\/Anasayfa\/showcase\/\"]}]},{\"@type\":\"BreadcrumbList\",\"@id\":\"http:\/\/www.talktopeople.com.tr\/Anasayfa\/showcase\/#breadcrumb\",\"itemListElement\":[{\"@type\":\"ListItem\",\"position\":1,\"name\":\"Anasayfa\",\"item\":\"http:\/\/www.talktopeople.com.tr\/Anasayfa\/\"},{\"@type\":\"ListItem\",\"position\":2,\"name\":\"\u0130\u015flerimiz\"}]},{\"@type\":\"WebSite\",\"@id\":\"http:\/\/www.talktopeople.com.tr\/Anasayfa\/#website\",\"url\":\"http:\/\/www.talktopeople.com.tr\/Anasayfa\/\",\"name\":\"talktopeople\",\"description\":\"Creative Studio - Reklam Ajans\u0131\",\"potentialAction\":[{\"@type\":\"SearchAction\",\"target\":{\"@type\":\"EntryPoint\",\"urlTemplate\":\"http:\/\/www.talktopeople.com.tr\/Anasayfa\/?s={search_term_string}\"},\"query-input\":{\"@type\":\"PropertyValueSpecification\",\"valueRequired\":true,\"valueName\":\"search_term_string\"}}],\"inLanguage\":\"tr\"}]}<\/script>\n<!-- \/ Yoast SEO plugin. -->","yoast_head_json":{"title":"\u0130\u015flerimiz - talktopeople","description":"Sahip oldu\u011fumuz Referanslar\u0131m\u0131z Lider firmalar dan olu\u015fmaktad\u0131r. Uzman kadromuzla Sekt\u00f6rde \u00f6nc\u00fc firmalara sunum tasar\u0131m hizmeti vermekteyiz.","robots":{"index":"index","follow":"follow","max-snippet":"max-snippet:-1","max-image-preview":"max-image-preview:large","max-video-preview":"max-video-preview:-1"},"canonical":"http:\/\/www.talktopeople.com.tr\/Anasayfa\/showcase\/","og_locale":"tr_TR","og_type":"article","og_title":"\u0130\u015flerimiz - talktopeople","og_description":"Sahip oldu\u011fumuz Referanslar\u0131m\u0131z Lider firmalar dan olu\u015fmaktad\u0131r. Uzman kadromuzla Sekt\u00f6rde \u00f6nc\u00fc firmalara sunum tasar\u0131m hizmeti vermekteyiz.","og_url":"http:\/\/www.talktopeople.com.tr\/Anasayfa\/showcase\/","og_site_name":"talktopeople","article_modified_time":"2024-04-27T10:07:24+00:00","twitter_card":"summary_large_image","schema":{"@context":"https:\/\/schema.org","@graph":[{"@type":"WebPage","@id":"http:\/\/www.talktopeople.com.tr\/Anasayfa\/showcase\/","url":"http:\/\/www.talktopeople.com.tr\/Anasayfa\/showcase\/","name":"\u0130\u015flerimiz - talktopeople","isPartOf":{"@id":"http:\/\/www.talktopeople.com.tr\/Anasayfa\/#website"},"datePublished":"2022-09-07T18:22:31+00:00","dateModified":"2024-04-27T10:07:24+00:00","description":"Sahip oldu\u011fumuz Referanslar\u0131m\u0131z Lider firmalar dan olu\u015fmaktad\u0131r. Uzman kadromuzla Sekt\u00f6rde \u00f6nc\u00fc firmalara sunum tasar\u0131m hizmeti vermekteyiz.","breadcrumb":{"@id":"http:\/\/www.talktopeople.com.tr\/Anasayfa\/showcase\/#breadcrumb"},"inLanguage":"tr","potentialAction":[{"@type":"ReadAction","target":["http:\/\/www.talktopeople.com.tr\/Anasayfa\/showcase\/"]}]},{"@type":"BreadcrumbList","@id":"http:\/\/www.talktopeople.com.tr\/Anasayfa\/showcase\/#breadcrumb","itemListElement":[{"@type":"ListItem","position":1,"name":"Anasayfa","item":"http:\/\/www.talktopeople.com.tr\/Anasayfa\/"},{"@type":"ListItem","position":2,"name":"\u0130\u015flerimiz"}]},{"@type":"WebSite","@id":"http:\/\/www.talktopeople.com.tr\/Anasayfa\/#website","url":"http:\/\/www.talktopeople.com.tr\/Anasayfa\/","name":"talktopeople","description":"Creative Studio - Reklam Ajans\u0131","potentialAction":[{"@type":"SearchAction","target":{"@type":"EntryPoint","urlTemplate":"http:\/\/www.talktopeople.com.tr\/Anasayfa\/?s={search_term_string}"},"query-input":{"@type":"PropertyValueSpecification","valueRequired":true,"valueName":"search_term_string"}}],"inLanguage":"tr"}]}},"_links":{"self":[{"href":"http:\/\/www.talktopeople.com.tr\/Anasayfa\/wp-json\/wp\/v2\/pages\/22"}],"collection":[{"href":"http:\/\/www.talktopeople.com.tr\/Anasayfa\/wp-json\/wp\/v2\/pages"}],"about":[{"href":"http:\/\/www.talktopeople.com.tr\/Anasayfa\/wp-json\/wp\/v2\/types\/page"}],"author":[{"embeddable":true,"href":"http:\/\/www.talktopeople.com.tr\/Anasayfa\/wp-json\/wp\/v2\/users\/1"}],"replies":[{"embeddable":true,"href":"http:\/\/www.talktopeople.com.tr\/Anasayfa\/wp-json\/wp\/v2\/comments?post=22"}],"version-history":[{"count":4,"href":"http:\/\/www.talktopeople.com.tr\/Anasayfa\/wp-json\/wp\/v2\/pages\/22\/revisions"}],"predecessor-version":[{"id":3215,"href":"http:\/\/www.talktopeople.com.tr\/Anasayfa\/wp-json\/wp\/v2\/pages\/22\/revisions\/3215"}],"wp:attachment":[{"href":"http:\/\/www.talktopeople.com.tr\/Anasayfa\/wp-json\/wp\/v2\/media?parent=22"}],"curies":[{"name":"wp","href":"https:\/\/api.w.org\/{rel}","templated":true}]}}